{"id":2039,"date":"2021-03-12T21:36:58","date_gmt":"2021-03-12T20:36:58","guid":{"rendered":"https:\/\/www.panoramic-flights.com\/ueber-uns\/"},"modified":"2021-03-30T14:13:39","modified_gmt":"2021-03-30T12:13:39","slug":"ueber-uns","status":"publish","type":"page","link":"https:\/\/www.panoramic-flights.com\/de\/ueber-uns\/","title":{"rendered":"\u00dcber uns"},"content":{"rendered":"\t\t<div data-elementor-type=\"wp-page\" data-elementor-id=\"2039\" class=\"elementor elementor-2039 elementor-979\" data-elementor-settings=\"[]\">\n\t\t\t\t\t\t<div class=\"elementor-inner\">\n\t\t\t\t\t\t\t<div class=\"elementor-section-wrap\">\n\t\t\t\t\t\t\t<section class=\"elementor-section elementor-top-section elementor-element elementor-element-6628c3d elementor-section-full_width elementor-section-height-default elementor-section-height-default\" data-id=\"6628c3d\" data-element_type=\"section\" data-settings=\"{&quot;background_background&quot;:&quot;classic&quot;}\">\n\t\t\t\t\t\t\t<div class=\"elementor-background-overlay\"><\/div>\n\t\t\t\t\t\t\t<div class=\"elementor-container elementor-column-gap-no\">\n\t\t\t\t\t\t\t<div class=\"elementor-row\">\n\t\t\t\t\t<div class=\"elementor-column elementor-col-100 elementor-top-column elementor-element elementor-element-ef1e321\" data-id=\"ef1e321\" data-element_type=\"column\">\n\t\t\t<div class=\"elementor-column-wrap elementor-element-populated\">\n\t\t\t\t\t\t\t<div class=\"elementor-widget-wrap\">\n\t\t\t\t\t\t<div class=\"elementor-element elementor-element-b499f47 elementor-widget elementor-widget-avo-title\" data-id=\"b499f47\" data-element_type=\"widget\" data-widget_type=\"avo-title.default\">\n\t\t\t\t<div class=\"elementor-widget-container\">\n\t\t\t\n\n<div class=\"avo-header style-3 \">\n    <div class=\"works-header fixed-slider valign\">\n        <div class=\"container\">\n            <div class=\"row justify-content-center\">\n                <!--<div class=\"col-lg-9 col-md-11 static\">-->\n                <div class=\"col-lg-11 col-md-11 static\">\n                    <div class=\"capt mt-50\">\n                        <div class=\"\">\n                            <h2 class=\"custom-font\"><span>Heli Guides<\/span>\u00dcber uns<\/h2>\n                            <p>Wir sind ein dynamisches Reiseb\u00fcro, spezialisiert auf Panorama- und touristische Hubschrauberfl\u00fcge seit 1995.<\/p>\n                        <\/div>\n\n                        <div class=\"bactxt custom-font valign\">\n                            <span class=\"full-width\">FLUGE<\/span>\n                        <\/div>\n                    <\/div>\n                <\/div>\n            <\/div>\n        <\/div>\n    <\/div>\n<\/div>\t\t<\/div>\n\t\t\t\t<\/div>\n\t\t\t\t\t\t<\/div>\n\t\t\t\t\t<\/div>\n\t\t<\/div>\n\t\t\t\t\t\t\t\t<\/div>\n\t\t\t\t\t<\/div>\n\t\t<\/section>\n\t\t\t\t<section class=\"elementor-section elementor-top-section elementor-element elementor-element-9c74371 elementor-section-full_width elementor-section-content-middle elementor-section-height-default elementor-section-height-default\" data-id=\"9c74371\" data-element_type=\"section\">\n\t\t\t\t\t\t<div class=\"elementor-container elementor-column-gap-no\">\n\t\t\t\t\t\t\t<div class=\"elementor-row\">\n\t\t\t\t\t<div class=\"elementor-column elementor-col-50 elementor-top-column elementor-element elementor-element-40a7f8c\" data-id=\"40a7f8c\" data-element_type=\"column\">\n\t\t\t<div class=\"elementor-column-wrap elementor-element-populated\">\n\t\t\t\t\t\t\t<div class=\"elementor-widget-wrap\">\n\t\t\t\t\t\t<div class=\"elementor-element elementor-element-a403e78 elementor-widget elementor-widget-image\" data-id=\"a403e78\" data-element_type=\"widget\" data-widget_type=\"image.default\">\n\t\t\t\t<div class=\"elementor-widget-container\">\n\t\t\t\t\t\t\t\t<div class=\"elementor-image\">\n\t\t\t\t\t\t\t\t\t\t\t\t<img decoding=\"async\" width=\"1024\" height=\"1024\" src=\"https:\/\/www.panoramic-flights.com\/wp-content\/uploads\/2021\/03\/Heli-Guides-About-1024x1024.jpg\" class=\"attachment-large size-large\" alt=\"\" \/>\t\t\t\t\t\t\t\t\t\t\t\t\t\t<\/div>\n\t\t\t\t\t\t<\/div>\n\t\t\t\t<\/div>\n\t\t\t\t\t\t<\/div>\n\t\t\t\t\t<\/div>\n\t\t<\/div>\n\t\t\t\t<div class=\"elementor-column elementor-col-50 elementor-top-column elementor-element elementor-element-096501a\" data-id=\"096501a\" data-element_type=\"column\">\n\t\t\t<div class=\"elementor-column-wrap elementor-element-populated\">\n\t\t\t\t\t\t\t<div class=\"elementor-widget-wrap\">\n\t\t\t\t\t\t<div class=\"elementor-element elementor-element-ab0d6b1 elementor-widget elementor-widget-heading\" data-id=\"ab0d6b1\" data-element_type=\"widget\" data-widget_type=\"heading.default\">\n\t\t\t\t<div class=\"elementor-widget-container\">\n\t\t\t<h1 class=\"elementor-heading-title elementor-size-default\">Heli Guides<\/h1>\t\t<\/div>\n\t\t\t\t<\/div>\n\t\t\t\t<div class=\"elementor-element elementor-element-12f2972 elementor-widget elementor-widget-text-editor\" data-id=\"12f2972\" data-element_type=\"widget\" data-widget_type=\"text-editor.default\">\n\t\t\t\t<div class=\"elementor-widget-container\">\n\t\t\t\t\t\t\t\t<div class=\"elementor-text-editor elementor-clearfix\">\n\t\t\t\t\t<p><span data-sheets-value=\"{&quot;1&quot;:2,&quot;2&quot;:&quot;Wir sind ein dynamisches Reiseb\u00fcro, spezialisiert auf Panorama- und touristische Hubschrauberfl\u00fcge seit 1995.&quot;}\" data-sheets-userformat=\"{&quot;2&quot;:10497,&quot;3&quot;:{&quot;1&quot;:0,&quot;3&quot;:1},&quot;11&quot;:4,&quot;14&quot;:{&quot;1&quot;:3,&quot;3&quot;:1},&quot;16&quot;:11}\">Wir sind ein dynamisches Reiseb\u00fcro, spezialisiert auf Panorama- und touristische Hubschrauberfl\u00fcge seit 1995.<\/span><\/p>\n<p><span data-sheets-value=\"{&quot;1&quot;:2,&quot;2&quot;:&quot;Dank der Professionalit\u00e4t und Erfahrung unserer Piloten und einem  kompetenten Team bieten wir beeindruckende Flugerlebnisse in mehreren europ\u00e4ischen L\u00e4ndern. Alle Routen sorgen f\u00fcr magische Empfindungen und einen einzigartigen Beobachtungspunkt auf Gebiete, die, von oben bewundert, immer neue Sichtweisen bieten.&quot;}\" data-sheets-userformat=\"{&quot;2&quot;:10497,&quot;3&quot;:{&quot;1&quot;:0,&quot;3&quot;:1},&quot;11&quot;:4,&quot;14&quot;:{&quot;1&quot;:3,&quot;3&quot;:1},&quot;16&quot;:11}\">Dank der Professionalit\u00e4t und Erfahrung unserer Piloten und einem kompetenten Team bieten wir beeindruckende Flugerlebnisse in mehreren europ\u00e4ischen L\u00e4ndern. Alle Routen sorgen f\u00fcr magische Empfindungen und einen einzigartigen Beobachtungspunkt auf Gebiete, die, von oben bewundert, immer neue Sichtweisen bieten.<\/span><\/p>\n\t\t\t\t\t<\/div>\n\t\t\t\t\t\t<\/div>\n\t\t\t\t<\/div>\n\t\t\t\t\t\t<\/div>\n\t\t\t\t\t<\/div>\n\t\t<\/div>\n\t\t\t\t\t\t\t\t<\/div>\n\t\t\t\t\t<\/div>\n\t\t<\/section>\n\t\t\t\t<section class=\"elementor-section elementor-top-section elementor-element elementor-element-1cc2a5a elementor-section-full_width elementor-section-height-min-height elementor-section-content-middle volaconnoi elementor-section-height-default elementor-section-items-middle\" data-id=\"1cc2a5a\" data-element_type=\"section\" data-settings=\"{&quot;background_background&quot;:&quot;classic&quot;}\">\n\t\t\t\t\t\t<div class=\"elementor-container elementor-column-gap-default\">\n\t\t\t\t\t\t\t<div class=\"elementor-row\">\n\t\t\t\t\t<div class=\"elementor-column elementor-col-100 elementor-top-column elementor-element elementor-element-c5a3dda\" data-id=\"c5a3dda\" data-element_type=\"column\">\n\t\t\t<div class=\"elementor-column-wrap elementor-element-populated\">\n\t\t\t\t\t\t\t<div class=\"elementor-widget-wrap\">\n\t\t\t\t\t\t<div class=\"elementor-element elementor-element-1dc85363 elementor-widget elementor-widget-heading\" data-id=\"1dc85363\" data-element_type=\"widget\" data-widget_type=\"heading.default\">\n\t\t\t\t<div class=\"elementor-widget-container\">\n\t\t\t<h2 class=\"elementor-heading-title elementor-size-default\">Flieg mit uns!<\/h2>\t\t<\/div>\n\t\t\t\t<\/div>\n\t\t\t\t<div class=\"elementor-element elementor-element-6f958c0 elementor-align-center elementor-widget elementor-widget-button\" data-id=\"6f958c0\" data-element_type=\"widget\" data-widget_type=\"button.default\">\n\t\t\t\t<div class=\"elementor-widget-container\">\n\t\t\t\t\t<div class=\"elementor-button-wrapper\">\n\t\t\t<a href=\"https:\/\/www.panoramic-flights.com\/de\/portfolio\/courmayeur\/\" class=\"elementor-button-link elementor-button elementor-size-lg\" role=\"button\">\n\t\t\t\t\t\t<span class=\"elementor-button-content-wrapper\">\n\t\t\t\t\t\t<span class=\"elementor-button-text\">ENTDECKE ALLE FLUGZIELE <\/span>\n\t\t<\/span>\n\t\t\t\t\t<\/a>\n\t\t<\/div>\n\t\t\t\t<\/div>\n\t\t\t\t<\/div>\n\t\t\t\t\t\t<\/div>\n\t\t\t\t\t<\/div>\n\t\t<\/div>\n\t\t\t\t\t\t\t\t<\/div>\n\t\t\t\t\t<\/div>\n\t\t<\/section>\n\t\t\t\t\t\t<\/div>\n\t\t\t\t\t\t<\/div>\n\t\t\t\t\t<\/div>\n\t\t","protected":false},"excerpt":{"rendered":"<p>Heli Guides\u00dcber uns Wir sind ein dynamisches Reiseb\u00fcro, spezialisiert auf Panorama- und touristische Hubschrauberfl\u00fcge seit 1995. FLUGE Heli Guides Wir sind ein dynamisches Reiseb\u00fcro, spezialisiert auf Panorama- und touristische Hubschrauberfl\u00fcge seit 1995. Dank der Professionalit\u00e4t und Erfahrung unserer Piloten und einem kompetenten Team bieten wir beeindruckende Flugerlebnisse in mehreren europ\u00e4ischen L\u00e4ndern. Alle Routen sorgen f\u00fcr magische Empfindungen und einen einzigartigen &hellip;<\/p>\n","protected":false},"author":7,"featured_media":0,"parent":0,"menu_order":0,"comment_status":"closed","ping_status":"closed","template":"blank-builder.php","meta":{"footnotes":""},"class_list":["post-2039","page","type-page","status-publish","hentry"],"_links":{"self":[{"href":"https:\/\/www.panoramic-flights.com\/de\/wp-json\/wp\/v2\/pages\/2039","targetHints":{"allow":["GET"]}}],"collection":[{"href":"https:\/\/www.panoramic-flights.com\/de\/wp-json\/wp\/v2\/pages"}],"about":[{"href":"https:\/\/www.panoramic-flights.com\/de\/wp-json\/wp\/v2\/types\/page"}],"author":[{"embeddable":true,"href":"https:\/\/www.panoramic-flights.com\/de\/wp-json\/wp\/v2\/users\/7"}],"replies":[{"embeddable":true,"href":"https:\/\/www.panoramic-flights.com\/de\/wp-json\/wp\/v2\/comments?post=2039"}],"version-history":[{"count":7,"href":"https:\/\/www.panoramic-flights.com\/de\/wp-json\/wp\/v2\/pages\/2039\/revisions"}],"predecessor-version":[{"id":2312,"href":"https:\/\/www.panoramic-flights.com\/de\/wp-json\/wp\/v2\/pages\/2039\/revisions\/2312"}],"wp:attachment":[{"href":"https:\/\/www.panoramic-flights.com\/de\/wp-json\/wp\/v2\/media?parent=2039"}],"curies":[{"name":"wp","href":"https:\/\/api.w.org\/{rel}","templated":true}]}}