{"id":2037,"date":"2021-03-12T21:35:13","date_gmt":"2021-03-12T20:35:13","guid":{"rendered":"https:\/\/www.panoramic-flights.com\/qui-sommes-nous\/"},"modified":"2021-03-30T14:13:22","modified_gmt":"2021-03-30T12:13:22","slug":"qui-sommes-nous","status":"publish","type":"page","link":"https:\/\/www.panoramic-flights.com\/fr\/qui-sommes-nous\/","title":{"rendered":"Qui sommes nous"},"content":{"rendered":"\t\t<div data-elementor-type=\"wp-page\" data-elementor-id=\"2037\" class=\"elementor elementor-2037 elementor-979\" data-elementor-settings=\"[]\">\n\t\t\t\t\t\t<div class=\"elementor-inner\">\n\t\t\t\t\t\t\t<div class=\"elementor-section-wrap\">\n\t\t\t\t\t\t\t<section class=\"elementor-section elementor-top-section elementor-element elementor-element-6628c3d elementor-section-full_width elementor-section-height-default elementor-section-height-default\" data-id=\"6628c3d\" data-element_type=\"section\" data-settings=\"{&quot;background_background&quot;:&quot;classic&quot;}\">\n\t\t\t\t\t\t\t<div class=\"elementor-background-overlay\"><\/div>\n\t\t\t\t\t\t\t<div class=\"elementor-container elementor-column-gap-no\">\n\t\t\t\t\t\t\t<div class=\"elementor-row\">\n\t\t\t\t\t<div class=\"elementor-column elementor-col-100 elementor-top-column elementor-element elementor-element-ef1e321\" data-id=\"ef1e321\" data-element_type=\"column\">\n\t\t\t<div class=\"elementor-column-wrap elementor-element-populated\">\n\t\t\t\t\t\t\t<div class=\"elementor-widget-wrap\">\n\t\t\t\t\t\t<div class=\"elementor-element elementor-element-b499f47 elementor-widget elementor-widget-avo-title\" data-id=\"b499f47\" data-element_type=\"widget\" data-widget_type=\"avo-title.default\">\n\t\t\t\t<div class=\"elementor-widget-container\">\n\t\t\t\n\n<div class=\"avo-header style-3 \">\n    <div class=\"works-header fixed-slider valign\">\n        <div class=\"container\">\n            <div class=\"row justify-content-center\">\n                <!--<div class=\"col-lg-9 col-md-11 static\">-->\n                <div class=\"col-lg-11 col-md-11 static\">\n                    <div class=\"capt mt-50\">\n                        <div class=\"\">\n                            <h2 class=\"custom-font\"><span>Heli Guides<\/span>Qui sommes nous<\/h2>\n                            <p>Nous sommes une agence de voyage, dynamique et sp\u00e9cialis\u00e9e dans le domaine du vol panoramique et touristique depuis 1995.<\/p>\n                        <\/div>\n\n                        <div class=\"bactxt custom-font valign\">\n                            <span class=\"full-width\">VOL<\/span>\n                        <\/div>\n                    <\/div>\n                <\/div>\n            <\/div>\n        <\/div>\n    <\/div>\n<\/div>\t\t<\/div>\n\t\t\t\t<\/div>\n\t\t\t\t\t\t<\/div>\n\t\t\t\t\t<\/div>\n\t\t<\/div>\n\t\t\t\t\t\t\t\t<\/div>\n\t\t\t\t\t<\/div>\n\t\t<\/section>\n\t\t\t\t<section class=\"elementor-section elementor-top-section elementor-element elementor-element-9c74371 elementor-section-full_width elementor-section-content-middle elementor-section-height-default elementor-section-height-default\" data-id=\"9c74371\" data-element_type=\"section\">\n\t\t\t\t\t\t<div class=\"elementor-container elementor-column-gap-no\">\n\t\t\t\t\t\t\t<div class=\"elementor-row\">\n\t\t\t\t\t<div class=\"elementor-column elementor-col-50 elementor-top-column elementor-element elementor-element-40a7f8c\" data-id=\"40a7f8c\" data-element_type=\"column\">\n\t\t\t<div class=\"elementor-column-wrap elementor-element-populated\">\n\t\t\t\t\t\t\t<div class=\"elementor-widget-wrap\">\n\t\t\t\t\t\t<div class=\"elementor-element elementor-element-a403e78 elementor-widget elementor-widget-image\" data-id=\"a403e78\" data-element_type=\"widget\" data-widget_type=\"image.default\">\n\t\t\t\t<div class=\"elementor-widget-container\">\n\t\t\t\t\t\t\t\t<div class=\"elementor-image\">\n\t\t\t\t\t\t\t\t\t\t\t\t<img decoding=\"async\" width=\"1024\" height=\"1024\" src=\"https:\/\/www.panoramic-flights.com\/wp-content\/uploads\/2021\/03\/Heli-Guides-About-1024x1024.jpg\" class=\"attachment-large size-large\" alt=\"\" \/>\t\t\t\t\t\t\t\t\t\t\t\t\t\t<\/div>\n\t\t\t\t\t\t<\/div>\n\t\t\t\t<\/div>\n\t\t\t\t\t\t<\/div>\n\t\t\t\t\t<\/div>\n\t\t<\/div>\n\t\t\t\t<div class=\"elementor-column elementor-col-50 elementor-top-column elementor-element elementor-element-096501a\" data-id=\"096501a\" data-element_type=\"column\">\n\t\t\t<div class=\"elementor-column-wrap elementor-element-populated\">\n\t\t\t\t\t\t\t<div class=\"elementor-widget-wrap\">\n\t\t\t\t\t\t<div class=\"elementor-element elementor-element-ab0d6b1 elementor-widget elementor-widget-heading\" data-id=\"ab0d6b1\" data-element_type=\"widget\" data-widget_type=\"heading.default\">\n\t\t\t\t<div class=\"elementor-widget-container\">\n\t\t\t<h1 class=\"elementor-heading-title elementor-size-default\">Heli Guides<\/h1>\t\t<\/div>\n\t\t\t\t<\/div>\n\t\t\t\t<div class=\"elementor-element elementor-element-12f2972 elementor-widget elementor-widget-text-editor\" data-id=\"12f2972\" data-element_type=\"widget\" data-widget_type=\"text-editor.default\">\n\t\t\t\t<div class=\"elementor-widget-container\">\n\t\t\t\t\t\t\t\t<div class=\"elementor-text-editor elementor-clearfix\">\n\t\t\t\t\t<p><span data-sheets-value=\"{&quot;1&quot;:2,&quot;2&quot;:&quot;Nous sommes une agence de voyage, dynamique et sp\u00e9cialis\u00e9e dans le domaine du vol panoramique et touristique depuis 1995.&quot;}\" data-sheets-userformat=\"{&quot;2&quot;:10497,&quot;3&quot;:{&quot;1&quot;:0,&quot;3&quot;:1},&quot;11&quot;:4,&quot;14&quot;:{&quot;1&quot;:3,&quot;3&quot;:1},&quot;16&quot;:11}\">Nous sommes une agence de voyage, dynamique et sp\u00e9cialis\u00e9e dans le domaine du vol panoramique et touristique depuis 1995.<\/span><\/p>\n<p><span data-sheets-value=\"{&quot;1&quot;:2,&quot;2&quot;:&quot;Gr\u00e2ce \u00e0 la pr\u00e9paration, \u00e0 la professionnalit\u00e9 et \u00e0 l'exp\u00e9rience de nos pilotes et de notre harmonis\u00e9e et comp\u00e9tente \u00e9quipe, nous vous offrons superbes exp\u00e9riences de vols dans diff\u00e9rents Pays Europ\u00e9ens. Nos itin\u00e9raires sont con\u00e7us pour vous offrir des sensations magiques au fil du ciel et un regard exceptionnel sur des territoires que, admir\u00e9s d'en haut, peuvent toujours donner de nouvelles visions. &quot;}\" data-sheets-userformat=\"{&quot;2&quot;:10497,&quot;3&quot;:{&quot;1&quot;:0,&quot;3&quot;:1},&quot;11&quot;:4,&quot;14&quot;:{&quot;1&quot;:3,&quot;3&quot;:1},&quot;16&quot;:11}\" data-sheets-textstyleruns=\"{&quot;1&quot;:0}\uee10{&quot;1&quot;:2,&quot;2&quot;:{&quot;2&quot;:{&quot;1&quot;:3,&quot;3&quot;:1},&quot;3&quot;:&quot;Calibri&quot;,&quot;4&quot;:11}}\uee10{&quot;1&quot;:3,&quot;2&quot;:{&quot;2&quot;:{&quot;1&quot;:3,&quot;3&quot;:1},&quot;3&quot;:&quot;Calibri&quot;,&quot;4&quot;:11}}\">Gr\u00e2ce \u00e0 la pr\u00e9paration, \u00e0 la professionnalit\u00e9 et \u00e0 l&#8217;exp\u00e9rience de nos pilotes et de notre harmonis\u00e9e et comp\u00e9tente \u00e9quipe, nous vous offrons superbes exp\u00e9riences de vols dans diff\u00e9rents Pays Europ\u00e9ens. Nos itin\u00e9raires sont con\u00e7us pour vous offrir des sensations magiques au fil du ciel et un regard exceptionnel sur des territoires que, admir\u00e9s d&#8217;en haut, peuvent toujours donner de nouvelles visions. <\/span><\/p>\n\t\t\t\t\t<\/div>\n\t\t\t\t\t\t<\/div>\n\t\t\t\t<\/div>\n\t\t\t\t\t\t<\/div>\n\t\t\t\t\t<\/div>\n\t\t<\/div>\n\t\t\t\t\t\t\t\t<\/div>\n\t\t\t\t\t<\/div>\n\t\t<\/section>\n\t\t\t\t<section class=\"elementor-section elementor-top-section elementor-element elementor-element-1cc2a5a elementor-section-full_width elementor-section-height-min-height elementor-section-content-middle volaconnoi elementor-section-height-default elementor-section-items-middle\" data-id=\"1cc2a5a\" data-element_type=\"section\" data-settings=\"{&quot;background_background&quot;:&quot;classic&quot;}\">\n\t\t\t\t\t\t<div class=\"elementor-container elementor-column-gap-default\">\n\t\t\t\t\t\t\t<div class=\"elementor-row\">\n\t\t\t\t\t<div class=\"elementor-column elementor-col-100 elementor-top-column elementor-element elementor-element-c5a3dda\" data-id=\"c5a3dda\" data-element_type=\"column\">\n\t\t\t<div class=\"elementor-column-wrap elementor-element-populated\">\n\t\t\t\t\t\t\t<div class=\"elementor-widget-wrap\">\n\t\t\t\t\t\t<div class=\"elementor-element elementor-element-1dc85363 elementor-widget elementor-widget-heading\" data-id=\"1dc85363\" data-element_type=\"widget\" data-widget_type=\"heading.default\">\n\t\t\t\t<div class=\"elementor-widget-container\">\n\t\t\t<h2 class=\"elementor-heading-title elementor-size-default\">Volez avec nous!<\/h2>\t\t<\/div>\n\t\t\t\t<\/div>\n\t\t\t\t<div class=\"elementor-element elementor-element-6f958c0 elementor-align-center elementor-widget elementor-widget-button\" data-id=\"6f958c0\" data-element_type=\"widget\" data-widget_type=\"button.default\">\n\t\t\t\t<div class=\"elementor-widget-container\">\n\t\t\t\t\t<div class=\"elementor-button-wrapper\">\n\t\t\t<a href=\"https:\/\/www.panoramic-flights.com\/fr\/portfolio\/courmayeur\/\" class=\"elementor-button-link elementor-button elementor-size-lg\" role=\"button\">\n\t\t\t\t\t\t<span class=\"elementor-button-content-wrapper\">\n\t\t\t\t\t\t<span class=\"elementor-button-text\">DECOUVREZ TOUTES LES DESTINATIONS<\/span>\n\t\t<\/span>\n\t\t\t\t\t<\/a>\n\t\t<\/div>\n\t\t\t\t<\/div>\n\t\t\t\t<\/div>\n\t\t\t\t\t\t<\/div>\n\t\t\t\t\t<\/div>\n\t\t<\/div>\n\t\t\t\t\t\t\t\t<\/div>\n\t\t\t\t\t<\/div>\n\t\t<\/section>\n\t\t\t\t\t\t<\/div>\n\t\t\t\t\t\t<\/div>\n\t\t\t\t\t<\/div>\n\t\t","protected":false},"excerpt":{"rendered":"<p>Heli GuidesQui sommes nous Nous sommes une agence de voyage, dynamique et sp\u00e9cialis\u00e9e dans le domaine du vol panoramique et touristique depuis 1995. VOL Heli Guides Nous sommes une agence de voyage, dynamique et sp\u00e9cialis\u00e9e dans le domaine du vol panoramique et touristique depuis 1995. Gr\u00e2ce \u00e0 la pr\u00e9paration, \u00e0 la professionnalit\u00e9 et \u00e0 l&#8217;exp\u00e9rience de nos pilotes et de &hellip;<\/p>\n","protected":false},"author":7,"featured_media":0,"parent":0,"menu_order":0,"comment_status":"closed","ping_status":"closed","template":"blank-builder.php","meta":{"footnotes":""},"class_list":["post-2037","page","type-page","status-publish","hentry"],"_links":{"self":[{"href":"https:\/\/www.panoramic-flights.com\/fr\/wp-json\/wp\/v2\/pages\/2037","targetHints":{"allow":["GET"]}}],"collection":[{"href":"https:\/\/www.panoramic-flights.com\/fr\/wp-json\/wp\/v2\/pages"}],"about":[{"href":"https:\/\/www.panoramic-flights.com\/fr\/wp-json\/wp\/v2\/types\/page"}],"author":[{"embeddable":true,"href":"https:\/\/www.panoramic-flights.com\/fr\/wp-json\/wp\/v2\/users\/7"}],"replies":[{"embeddable":true,"href":"https:\/\/www.panoramic-flights.com\/fr\/wp-json\/wp\/v2\/comments?post=2037"}],"version-history":[{"count":7,"href":"https:\/\/www.panoramic-flights.com\/fr\/wp-json\/wp\/v2\/pages\/2037\/revisions"}],"predecessor-version":[{"id":2309,"href":"https:\/\/www.panoramic-flights.com\/fr\/wp-json\/wp\/v2\/pages\/2037\/revisions\/2309"}],"wp:attachment":[{"href":"https:\/\/www.panoramic-flights.com\/fr\/wp-json\/wp\/v2\/media?parent=2037"}],"curies":[{"name":"wp","href":"https:\/\/api.w.org\/{rel}","templated":true}]}}